{"id":114,"date":"2020-03-19T19:23:45","date_gmt":"2020-03-19T18:23:45","guid":{"rendered":"http:\/\/psig.huma-num.fr\/cartes-sensibles\/?page_id=114"},"modified":"2022-10-24T17:21:58","modified_gmt":"2022-10-24T15:21:58","slug":"bibliographie","status":"publish","type":"page","link":"http:\/\/psig.huma-num.fr\/cartes-sensibles\/bibliographie\/","title":{"rendered":"Bibliographie"},"content":{"rendered":"\n<ul class=\"wp-block-list\"><li>Bibliographie g\u00e9n\u00e9rale :<\/li><\/ul>\n\n\n\n<p><a rel=\"noreferrer noopener\" href=\"https:\/\/drive.google.com\/open?id=1IWaSV1aA0yG9neMwIdnEqtuDfA6X4X7T\" target=\"_blank\">Actualit\u00e9 de l&#8217;approche de Jacques Bertin dans l&#8217;enseignement de la cartographie, par Alberta Bianchin<\/a><\/p>\n\n\n\n<p><a rel=\"noreferrer noopener\" href=\"https:\/\/drive.google.com\/open?id=1DhhDyh-zO43dqUnW_C6o70n5a6pDwu7v\" target=\"_blank\">Deconstructing the map, Harley<\/a><\/p>\n\n\n\n<p><a rel=\"noreferrer noopener\" href=\"http:\/\/www.theses.fr\/2015PA010683\/document\" target=\"_blank\">Th\u00e8se Elise Olm\u00e9do <\/a><\/p>\n\n\n\n<p><a rel=\"noreferrer noopener\" href=\"https:\/\/drive.google.com\/open?id=1P0oW3PCENpVNmrPuXYO8toioy_DP5zbD\" target=\"_blank\">Th\u00e8se Lo\u00efc Avry <\/a> (\u00e0 partir de la page 362)<\/p>\n\n\n\n<p><\/p>\n\n\n\n<ul class=\"wp-block-list\"><li>Lien vers des initiatives cartographiques <\/li><\/ul>\n\n\n\n<p>Une carte par jour, m\u00eame espace, style diff\u00e9rent : <a rel=\"noreferrer noopener\" href=\"https:\/\/twitter.com\/Alice_Caron_\/status\/1239885454239031303\" target=\"_blank\">https:\/\/twitter.com\/Alice_Caron_\/status\/1239885454239031303<\/a><\/p>\n\n\n\n<p>Cadavre exquis en dessin des immeubles : <a rel=\"noreferrer noopener\" href=\"https:\/\/twitter.com\/stunfy\/status\/1239297504581214210\" target=\"_blank\">https:\/\/twitter.com\/stunfy\/status\/1239297504581214210<\/a><\/p>\n\n\n\n<p>Style de cartes existantes sur la repr\u00e9sentation des \u00e9pid\u00e9mies : <a rel=\"noreferrer noopener\" href=\"https:\/\/cartonumerique.blogspot.com\/2020\/01\/cartographie-epidemies.html\" target=\"_blank\">https:\/\/cartonumerique.blogspot.com\/2020\/01\/cartographie-epidemies.html<\/a><\/p>\n\n\n\n<p><\/p>\n\n\n\n<ul class=\"wp-block-list\"><li>Bibliographie pour validation :<\/li><\/ul>\n\n\n\n<figure class=\"wp-block-table\"><table><tbody><tr><td>th\u00e8me principal<\/td><td>mots-cl\u00e9s<\/td><td>titre<\/td><td>auteur(s)<\/td><td>ann\u00e9e<\/td><td>revue<\/td><td>nombre de pages (avec r\u00e9f\u00e9rences)<\/td><\/tr><tr><td>cartographie autochtone \/ appropriation<\/td><td>cartographie autochtone, d\u00e9colonisation, Mapuche, territoire<\/td><td><a href=\"https:\/\/drive.google.com\/open?id=1R9eqVHG36I3t1zj0xNm-fNoMB2SfmP8j\" target=\"_blank\" rel=\"noreferrer noopener\">Cartographies autochtones. \u00c9l\u00e9ments pour une analyse critique.<\/a><\/td><td>Ir\u00e8ne Hirt<\/td><td>2009<\/td><td>L&#8217;Espace g\u00e9ographique<\/td><td>17<\/td><\/tr><tr><td>cartographie autochtone \/ appropriation<\/td><td>carte statique transparente, Honduras, peuples autochtones, recherche en cartographie participative, r\u00e9serve de la biosph\u00e8re, territorialit\u00e9 autochtone, tuiles en m\u00e9moire cache<\/td><td>From cognitive maps to transparent static web maps: tools for indigenous territorial control in La Muskitia, Honduras<\/td><td>Kelly, John and Herlihy, Peter and Tappan, Taylor and Hilburn, Andrew and Fahrenbruch, Matthew<\/td><td>2017<\/td><td>Cartographica<\/td><td>9<\/td><\/tr><tr><td>cartographie autochtone \/ appropriation<\/td><td>indigenous mapping, US military, Minerva program, human geography, Honduras, research ethics<\/td><td>Human Geography, Indigenous Mapping, and the US Military: A Response to Kelly and Others\u2019 \u201cFrom Cognitive Maps to Transparent Static Web Maps\u201d<\/td><td>Joel Wainwright<\/td><td>2019<\/td><td>Cartographica<\/td><td>9<\/td><\/tr><tr><td>cartographie et migrations<\/td><td>nouvelle forme cartographique, mouvements migratoires,&nbsp;science, art, militantisme&nbsp;<\/td><td><a href=\"https:\/\/journals.openedition.org\/remi\/8249\" target=\"_blank\" rel=\"noreferrer noopener\">Cartographier les mouvements migratoires<\/a><\/td><td>Lucie Bacon, Olivier Clochard, Thomas Honor\u00e9, Nicolas Lambert, Sarah Mekdjian, Philippe Rekacewicz<\/td><td>2016<\/td><td>Revue Europ\u00e9enne des Migrations Internationales<\/td><td>28<\/td><\/tr><tr><td>cartographie de la perception du risque<\/td><td>repr\u00e9sentations socio-spatiales, dessins \u00e0 main lev\u00e9e, logiciel d\u2019analyse, risque \u00e9rosif, Alsace<\/td><td><a href=\"https:\/\/drive.google.com\/open?id=18WiFBoC3Iv7H488ArY8pWDk47fIXUjjQ\" target=\"_blank\" rel=\"noreferrer noopener\">\u00c9tude exploratoire des repr\u00e9sentations de coul\u00e9es d\u2019eau boueuse en Alsace : Analyses d\u2019enqu\u00eates psychosociales et de dessins \u00e0 main lev\u00e9 via un logiciel d\u00e9di\u00e9<\/a><\/td><td>Carine Heitz, Stella Marc-Zwecker, Romaric Mathis, Florence Le Ber<\/td><td>2018<\/td><td>acte de la conf\u00e9rence SAGEO 2018, Montpellier<\/td><td>14<\/td><\/tr><tr><td>cartographie&nbsp;de la perception des limites r\u00e9gionales<\/td><td>carte mentale, analyse, limites r\u00e9gionales, impr\u00e9cision, logique floue<\/td><td>Apport de la logique floue pour l\u2019analyse des cartes interpr\u00e9tatives<\/td><td>Clarisse Didelon, Sophie de Ruffray, Mathias Boquet, Nicolas Lambert<\/td><td>2011<\/td><td>CFC<\/td><td>12<\/td><\/tr><tr><td>cartographie des \u00e9motions<\/td><td>mapping emotions, human geographies, humanized cartography<\/td><td>At the Intersection of Maps and Emotion: The Challenge of Spatially Representing Experience<\/td><td>Amy L. Griffin, Julia McQuoid<\/td><td>2012<\/td><td>Cartographie th\u00e9matique<\/td><td>9<\/td><\/tr><tr><td>cartographie des \u00e9motions<\/td><td>power places; emotions; Circumplex Model of Affect; mapping places and emotions<\/td><td><a href=\"https:\/\/drive.google.com\/open?id=1smXDlKcHTlSTmg2V54mFGSAnrI7EpXCr\" target=\"_blank\" rel=\"noreferrer noopener\">Cartographies of Fuzziness: Mapping Places and Emotions<\/a><\/td><td>Alenka Poplin<\/td><td>2017<\/td><td>The Cartographic Journal<\/td><td>11<\/td><\/tr><tr><td>cartographie et art<\/td><td>carte, Land Art, artistes, territoire<\/td><td>La cartographie chez les artistes contemporains<\/td><td>Anne Roqueplo<\/td><td>2010<\/td><td>CFC<\/td><td>12<\/td><\/tr><tr><td>repr\u00e9sentation d&#8217;un lieu<\/td><td>cartographie alternative, po\u00e9sie, description d&#8217;un lieu<\/td><td><a href=\"https:\/\/drive.google.com\/open?id=1yFGI1igQK8iKj69rXx0IlDHKQ2E7ZdNn\" target=\"_blank\" rel=\"noreferrer noopener\">MORELAND: REPRESENTING PLACE THROUGH ALTERNATIVE CARTOGRAPHIC PRACTICE <br>&#8211; extrait du chapitre 2 : &#8220;Mapping Moreland Introduction: Mapping a representational problem&#8221;, p. 128-158 (beaucoup d&#8217;illustrations)<\/a><\/td><td>Bianca Frost<\/td><td>2016<\/td><td>PhD philosphy (Media and communication)<\/td><td>30<\/td><\/tr><tr><td>g\u00e9ographie et urbanisme<\/td><td>Attachement au lieu, Ville, Espace r\u00e9sidentiel, Cartographie, Temporalit\u00e9<\/td><td><a href=\"https:\/\/drive.google.com\/open?id=1fNqkBQBjn9FVOqz911uQvJcTmgGimO-e\" target=\"_blank\" rel=\"noreferrer noopener\">R\u00e9cit de vie spatialis\u00e9 et herm\u00e9neutique cartographique<\/a><\/td><td>Feildel<\/td><td>2009<\/td><td>ARPEnv<\/td><td>24<\/td><\/tr><tr><td>g\u00e9ographie, cartographie, \u00e9pist\u00e9mologie<\/td><td>Andes, cartographie, cosmovision, participatif, population originaire, syst\u00e8me spatio-temporel<\/td><td><a href=\"https:\/\/drive.google.com\/open?id=18Hl79H49OXymAWX80jshS9zGa51KIVY9\" target=\"_blank\" rel=\"noreferrer noopener\">CARTOGRAPHIE : VISION OU REFLET ? UNE R\u00c9FLEXION AUTOUR DES \u00ab R\u00c9F\u00c9RENCES INDIG\u00c8NES \u00bb<\/a><\/td><td>Mazurek<\/td><td>2013<\/td><td>L&#8217;Information g\u00e9ographique<\/td><td>39<\/td><\/tr><tr><td>g\u00e9ographie, cartographie, mod\u00e8le g\u00e9n\u00e9rale<\/td><td>Carte-mod\u00e8le,chor\u00e8me, organisation de l&#8217;espace<\/td><td><a href=\"https:\/\/www.mgm.fr\/PUB\/Mappemonde\/M486\/p2-6.pdf\" target=\"_blank\" rel=\"noreferrer noopener\">La carte-mod\u00e8le et les chor\u00e8mes<\/a><\/td><td>Brunet<\/td><td>1986<\/td><td>MappeMonde<\/td><td>6<\/td><\/tr><tr><td>cartographie et litt\u00e9rature<\/td><td>map, narrative, text, story, structure, story focus<\/td><td><a href=\"https:\/\/drive.google.com\/open?id=1eIAL3MRN3t7n1g6HU_QbwxEghvwIIBGX\" target=\"_blank\" rel=\"noreferrer noopener\">Maps telling stories?<\/a><\/td><td>Mocnik, Franz-Benjamin and Fairbairn, David<\/td><td>2018<\/td><td>The Cartographic Journal<\/td><td>22<\/td><\/tr><tr><td>carte mentale et la repr\u00e9sentation <\/td><td>Cartes mentales, territoires de vie, MARPA, personnes \u00e2g\u00e9es, optimum territorial<\/td><td><a href=\"https:\/\/journals.openedition.org\/norois\/3343\" target=\"_blank\" rel=\"noreferrer noopener\">Cartes mentales et repr\u00e9sentations spatiales de r\u00e9sidants en MARPA : un outil d\u2019aide \u00e0 l\u2019implantation<br>de nouvelles structures d\u2019h\u00e9bergement?<\/a><\/td><td>Chapon, Beuret, Bolomier, Choisy et Zambernardi<\/td><td>2010<\/td><td>Environnement, am\u00e9nagement, soci\u00e9t\u00e9<\/td><td>11<\/td><\/tr><tr><td>Experience sensible en milieu urbain, description des lieux par le sensible <\/td><td>Experience sensible, olfaction, Paris, m\u00e9thode, odeurs<\/td><td><a href=\"https:\/\/journals.openedition.org\/norois\/4637\" target=\"_blank\" rel=\"noreferrer noopener\">Sentir et ressentir Paris. L\u2019exemple du quai du RER B \u00e0 Ch\u00e2telet-les Halles<\/a><\/td><td>Gr\u00e9ssilon <\/td><td>2013<\/td><td>Environnement, am\u00e9nagement, soci\u00e9t\u00e9<\/td><td>13<\/td><\/tr><tr><td>quotidiennet\u00e9 de l\u2019espace urbain, espace v\u00e9cu au prisme feministe, appropriation de l&#8217;espace<\/td><td>repr\u00e9sentation spatial, espace v\u00e9cu, perception, carte mentale<\/td><td><a href=\"https:\/\/www.erudit.org\/fr\/revues\/rf\/2016-v29-n1-rf02540\/1036673ar\/\" target=\"_blank\" rel=\"noreferrer noopener\">Projet de recherche-action \u00e0 Gennevilliers : \u00ab La ville c\u00f4t\u00e9 femmes \u00bb<\/a><\/td><td>Luxembourg, Messaoudi<\/td><td>2016<\/td><td>Recherches f\u00e9ministes<\/td><td>19<\/td><\/tr><\/tbody><\/table><\/figure>\n","protected":false},"excerpt":{"rendered":"<p>Bibliographie g\u00e9n\u00e9rale : Actualit\u00e9 de l&#8217;approche de Jacques Bertin dans l&#8217;enseignement de la cartographie, par Alberta Bianchin Deconstructing the map, Harley Th\u00e8se Elise Olm\u00e9do Th\u00e8se Lo\u00efc Avry (\u00e0 partir de la page 362) Lien vers des initiatives cartographiques Une carte par jour, m\u00eame espace, style diff\u00e9rent : https:\/\/twitter.com\/Alice_Caron_\/status\/1239885454239031303 Cadavre exquis en dessin des immeubles : &hellip; <a href=\"http:\/\/psig.huma-num.fr\/cartes-sensibles\/bibliographie\/\" class=\"more-link\">Continuer la lecture de <span class=\"screen-reader-text\">Bibliographie<\/span>  <span class=\"meta-nav\">&rarr;<\/span><\/a><\/p>\n","protected":false},"author":1,"featured_media":0,"parent":0,"menu_order":0,"comment_status":"closed","ping_status":"closed","template":"","meta":{"footnotes":""},"class_list":["post-114","page","type-page","status-publish","hentry"],"_links":{"self":[{"href":"http:\/\/psig.huma-num.fr\/cartes-sensibles\/wp-json\/wp\/v2\/pages\/114","targetHints":{"allow":["GET"]}}],"collection":[{"href":"http:\/\/psig.huma-num.fr\/cartes-sensibles\/wp-json\/wp\/v2\/pages"}],"about":[{"href":"http:\/\/psig.huma-num.fr\/cartes-sensibles\/wp-json\/wp\/v2\/types\/page"}],"author":[{"embeddable":true,"href":"http:\/\/psig.huma-num.fr\/cartes-sensibles\/wp-json\/wp\/v2\/users\/1"}],"replies":[{"embeddable":true,"href":"http:\/\/psig.huma-num.fr\/cartes-sensibles\/wp-json\/wp\/v2\/comments?post=114"}],"version-history":[{"count":9,"href":"http:\/\/psig.huma-num.fr\/cartes-sensibles\/wp-json\/wp\/v2\/pages\/114\/revisions"}],"predecessor-version":[{"id":899,"href":"http:\/\/psig.huma-num.fr\/cartes-sensibles\/wp-json\/wp\/v2\/pages\/114\/revisions\/899"}],"wp:attachment":[{"href":"http:\/\/psig.huma-num.fr\/cartes-sensibles\/wp-json\/wp\/v2\/media?parent=114"}],"curies":[{"name":"wp","href":"https:\/\/api.w.org\/{rel}","templated":true}]}}