{"id":588,"date":"2021-03-01T14:49:59","date_gmt":"2021-03-01T13:49:59","guid":{"rendered":"http:\/\/psig.huma-num.fr\/cartes-sensibles\/?page_id=588"},"modified":"2021-11-17T14:28:09","modified_gmt":"2021-11-17T13:28:09","slug":"programme-des-seances-2021","status":"publish","type":"page","link":"http:\/\/psig.huma-num.fr\/cartes-sensibles\/programme-des-seances-2021\/","title":{"rendered":"Programme des S\u00e9ances 2020-2021"},"content":{"rendered":"\n<p id=\"block-a4d46c4a-3ff7-4fcb-93ec-69eb389fb82c\">S\u00e9ance #1 : 8 mars 2021, 13h &#8211; 15h<\/p>\n\n\n\n<p id=\"block-23634b50-0738-40e1-b7d1-3cec5a71f3ff\">Introduction : <a href=\"https:\/\/docs.google.com\/presentation\/d\/1_UinzgfB2FbSNB61bXMjK0YMDGb-AXJcJ4w_i9N8bfo\/edit?usp=sharing\">lien vers le contenu<\/a><\/p>\n\n\n\n<p id=\"block-c3f2b2df-42d9-4219-9ed7-5f2d730481be\">S\u00e9ance #2 : 22 mars 2020, 13h &#8211; 17h<\/p>\n\n\n\n<p id=\"block-30967e19-c39e-4473-a96b-0c39559c5460\">M\u00e9thodologie \/ protocole confinement, s\u00e9ance #1, <a href=\"https:\/\/docs.google.com\/presentation\/d\/1aipJrtCJ-pcmzduXe6RXSdyvaVZlylrLnN9X7AlK0KM\/edit?usp=sharing\" data-type=\"URL\" data-id=\"https:\/\/docs.google.com\/presentation\/d\/1aipJrtCJ-pcmzduXe6RXSdyvaVZlylrLnN9X7AlK0KM\/edit?usp=sharing\">lien vers le contenu<\/a>, <a href=\"https:\/\/sharedocs.huma-num.fr\/wl\/?id=Wwqe2VkAaiFMpNylRTl3ZNLaBRV3mKWb\">lien vers la vid\u00e9o<\/a><\/p>\n\n\n\n<p id=\"block-18895c8a-6f8d-4936-bbf5-1a46067931a9\">S\u00e9ance #3 : 12 avril 2021, 13h-17h<\/p>\n\n\n\n<p id=\"block-894be719-0837-4442-98bc-6ae7fd3eceb8\">Analyse confinement \/ parcours 2, s\u00e9ance #2, <a href=\"https:\/\/docs.google.com\/presentation\/d\/1jUFxx_9KIeacQOwF2EHd_Mr37rJSwYCkZvtUXHEnUAY\/edit#slide=id.g7016d0480b_7_0\">lien vers le contenu<\/a>, <a href=\"https:\/\/sharedocs.huma-num.fr\/wl\/?id=25mym8TjAmd9BFjlq260LmwWZB2cRRaf\">lien vers la vid\u00e9o<\/a><\/p>\n\n\n\n<p id=\"block-607129a9-a28e-47d9-937e-6234775a0ceb\">S\u00e9ance #4 : 3 mai 2021, 13h-17h<\/p>\n\n\n\n<p id=\"block-9d1acab9-6a10-4645-8c0d-3cfa2dc684d4\">Analyse protocole perception d&#8217;autrui, <a href=\"https:\/\/docs.google.com\/presentation\/d\/1FjGfl_ymryLLo0upWUhV-nfNMaqZvQVqsUUrot076BQ\/edit?usp=sharing\">lien vers le contenu<\/a>, <a href=\"https:\/\/sharedocs.huma-num.fr\/wl\/?id=unHk3StXrUGV6cgUqWcQAs3EqrUwDkWt\">lien vers la vid\u00e9o<\/a><\/p>\n\n\n\n<p id=\"block-f32e6f1e-e5d2-452b-8beb-9e291b05207d\">S\u00e9ance #5 : 17 mai 2021, 13h-17h<\/p>\n\n\n\n<p id=\"block-9a056b06-feaa-4894-a57f-e8ae07215bfc\"><\/p>\n\n\n\n<p id=\"block-9d10a474-fd72-4aba-a416-9ebe1db6bda3\">S\u00e9ance #6 : 31 mai 2021, 13h-17h<\/p>\n\n\n\n<p id=\"block-4c0406e5-91f1-41dd-92df-78dd755b700b\"><a href=\"https:\/\/docs.google.com\/presentation\/d\/10bwo5Uoff3WlkujHKXfVkQLHoF6Zd2jF6qPJJ_1Mslg\/edit?usp=sharing\">Lien vers le contenu<\/a><\/p>\n\n\n\n<p id=\"block-a7e7e816-a60f-4286-9c95-e4d05e949972\">S\u00e9ance #7 : 14 juin 2021, 13h-17h<\/p>\n\n\n\n<p>Conclusion &#8211; <a href=\"https:\/\/docs.google.com\/presentation\/d\/1Ovpfa7ya7sQ6wefOchCYpKNKRXdW5uXmJ1qz-jvsK3o\/edit?usp=sharing\">lien vers le contenu<\/a><\/p>\n\n\n\n<p id=\"block-fc89b500-ac0a-42e2-be2d-d1803c3faf3c\">Nous contacter : cartes-sensibles@ehess.fr<\/p>\n","protected":false},"excerpt":{"rendered":"<p>S\u00e9ance #1 : 8 mars 2021, 13h &#8211; 15h Introduction : lien vers le contenu S\u00e9ance #2 : 22 mars 2020, 13h &#8211; 17h M\u00e9thodologie \/ protocole confinement, s\u00e9ance #1, lien vers le contenu, lien vers la vid\u00e9o S\u00e9ance #3 : 12 avril 2021, 13h-17h Analyse confinement \/ parcours 2, s\u00e9ance #2, lien vers le &hellip; <a href=\"http:\/\/psig.huma-num.fr\/cartes-sensibles\/programme-des-seances-2021\/\" class=\"more-link\">Continuer la lecture de <span class=\"screen-reader-text\">Programme des S\u00e9ances 2020-2021<\/span>  <span class=\"meta-nav\">&rarr;<\/span><\/a><\/p>\n","protected":false},"author":1,"featured_media":0,"parent":0,"menu_order":0,"comment_status":"closed","ping_status":"closed","template":"","meta":{"footnotes":""},"class_list":["post-588","page","type-page","status-publish","hentry"],"_links":{"self":[{"href":"http:\/\/psig.huma-num.fr\/cartes-sensibles\/wp-json\/wp\/v2\/pages\/588","targetHints":{"allow":["GET"]}}],"collection":[{"href":"http:\/\/psig.huma-num.fr\/cartes-sensibles\/wp-json\/wp\/v2\/pages"}],"about":[{"href":"http:\/\/psig.huma-num.fr\/cartes-sensibles\/wp-json\/wp\/v2\/types\/page"}],"author":[{"embeddable":true,"href":"http:\/\/psig.huma-num.fr\/cartes-sensibles\/wp-json\/wp\/v2\/users\/1"}],"replies":[{"embeddable":true,"href":"http:\/\/psig.huma-num.fr\/cartes-sensibles\/wp-json\/wp\/v2\/comments?post=588"}],"version-history":[{"count":12,"href":"http:\/\/psig.huma-num.fr\/cartes-sensibles\/wp-json\/wp\/v2\/pages\/588\/revisions"}],"predecessor-version":[{"id":769,"href":"http:\/\/psig.huma-num.fr\/cartes-sensibles\/wp-json\/wp\/v2\/pages\/588\/revisions\/769"}],"wp:attachment":[{"href":"http:\/\/psig.huma-num.fr\/cartes-sensibles\/wp-json\/wp\/v2\/media?parent=588"}],"curies":[{"name":"wp","href":"https:\/\/api.w.org\/{rel}","templated":true}]}}