{"id":776,"date":"2021-11-17T14:37:48","date_gmt":"2021-11-17T13:37:48","guid":{"rendered":"http:\/\/psig.huma-num.fr\/cartes-sensibles\/?page_id=776"},"modified":"2022-10-24T14:45:43","modified_gmt":"2022-10-24T12:45:43","slug":"description-du-seminaire","status":"publish","type":"page","link":"http:\/\/psig.huma-num.fr\/cartes-sensibles\/description-du-seminaire\/","title":{"rendered":"Pr\u00e9sentation du groupe de travail"},"content":{"rendered":"\n<p>Le groupe de travail de l&#8217;atelier de cartographie sensible existe depuis 2016. Il a \u00e9t\u00e9 cr\u00e9\u00e9 \u00e0 l\u2019occasion d\u2019un atelier annuel propos\u00e9 \u00e0 l\u2019\u00c9cole des hautes \u00e9tudes en sciences sociales (EHESS), ensuite pass\u00e9 en s\u00e9minaire d\u2019enseignement puis en s\u00e9minaire de recherche.<\/p>\n\n\n\n<p>La perception de l\u2019espace v\u00e9cu et sa repr\u00e9sentation sous des modalit\u00e9s vari\u00e9es et adapt\u00e9es constitue la question centrale de ce s\u00e9minaire. Les pistes abord\u00e9es par le groupe sont notamment&nbsp;:<\/p>\n\n\n\n<ul class=\"wp-block-list\"><li>r\u00e9fl\u00e9chir sur et exp\u00e9rimenter des repr\u00e9sentations des espaces qui soient non euclidiennes, fusiformes, circulaires, d\u2019orientation multiple ou dynamique, qui portent des r\u00e9f\u00e9rences individuelles ou collectives&nbsp;;<\/li><li>travailler sur \u00ab ce qui fait lieu&nbsp;\u00bb pour un individu, un groupe, selon des filtres de perception, etc. ainsi que les modalit\u00e9s de repr\u00e9sentation de ces lieux et des perceptions associ\u00e9es ;<\/li><li>les objectifs de ces repr\u00e9sentations cartographiques n\u00e9cessitent de revisiter les enseignements de J. Bertin (1967). Les questions sont alors nombreuses : Comment \u00e9largir ou assouplir l\u2019usage des variables visuelles ? Peut-on transmettre des informations sensibles par de la s\u00e9miologie graphique ? Quels seraient d\u2019autres modes de repr\u00e9sentation adapt\u00e9s ?<\/li><\/ul>\n","protected":false},"excerpt":{"rendered":"<p>Le groupe de travail de l&#8217;atelier de cartographie sensible existe depuis 2016. Il a \u00e9t\u00e9 cr\u00e9\u00e9 \u00e0 l\u2019occasion d\u2019un atelier annuel propos\u00e9 \u00e0 l\u2019\u00c9cole des hautes \u00e9tudes en sciences sociales (EHESS), ensuite pass\u00e9 en s\u00e9minaire d\u2019enseignement puis en s\u00e9minaire de recherche. La perception de l\u2019espace v\u00e9cu et sa repr\u00e9sentation sous des modalit\u00e9s vari\u00e9es et adapt\u00e9es &hellip; <a href=\"http:\/\/psig.huma-num.fr\/cartes-sensibles\/description-du-seminaire\/\" class=\"more-link\">Continuer la lecture de <span class=\"screen-reader-text\">Pr\u00e9sentation du groupe de travail<\/span>  <span class=\"meta-nav\">&rarr;<\/span><\/a><\/p>\n","protected":false},"author":1,"featured_media":0,"parent":0,"menu_order":0,"comment_status":"closed","ping_status":"closed","template":"","meta":{"footnotes":""},"class_list":["post-776","page","type-page","status-publish","hentry"],"_links":{"self":[{"href":"http:\/\/psig.huma-num.fr\/cartes-sensibles\/wp-json\/wp\/v2\/pages\/776","targetHints":{"allow":["GET"]}}],"collection":[{"href":"http:\/\/psig.huma-num.fr\/cartes-sensibles\/wp-json\/wp\/v2\/pages"}],"about":[{"href":"http:\/\/psig.huma-num.fr\/cartes-sensibles\/wp-json\/wp\/v2\/types\/page"}],"author":[{"embeddable":true,"href":"http:\/\/psig.huma-num.fr\/cartes-sensibles\/wp-json\/wp\/v2\/users\/1"}],"replies":[{"embeddable":true,"href":"http:\/\/psig.huma-num.fr\/cartes-sensibles\/wp-json\/wp\/v2\/comments?post=776"}],"version-history":[{"count":3,"href":"http:\/\/psig.huma-num.fr\/cartes-sensibles\/wp-json\/wp\/v2\/pages\/776\/revisions"}],"predecessor-version":[{"id":883,"href":"http:\/\/psig.huma-num.fr\/cartes-sensibles\/wp-json\/wp\/v2\/pages\/776\/revisions\/883"}],"wp:attachment":[{"href":"http:\/\/psig.huma-num.fr\/cartes-sensibles\/wp-json\/wp\/v2\/media?parent=776"}],"curies":[{"name":"wp","href":"https:\/\/api.w.org\/{rel}","templated":true}]}}