{"id":891,"date":"2022-10-24T14:53:20","date_gmt":"2022-10-24T12:53:20","guid":{"rendered":"http:\/\/psig.huma-num.fr\/cartes-sensibles\/?page_id=891"},"modified":"2022-10-24T17:18:10","modified_gmt":"2022-10-24T15:18:10","slug":"publications-du-groupe","status":"publish","type":"page","link":"http:\/\/psig.huma-num.fr\/cartes-sensibles\/publications-du-groupe\/","title":{"rendered":"Publications du groupe"},"content":{"rendered":"\n<p>Brando C., Domingu\u00e8s C., Jolivet L., Mermet E., Seten S. (2017) Mapping experiences of personal appropriation of a new place from a diachronic perspective. Maps and Emotions Workshop, 28th International Cartographic Conference, Washington DC, USA<\/p>\n\n\n\n<p>Jolivet L., Domingu\u00e8s C., Mermet E., Seten S. (2021) Explorer par la carte l\u2019espace pendant le confinement : Une exp\u00e9rimentation de cartographie sensible. Revue des politiques sociales et familiales, 141, 129-139. https:\/\/doi.org\/10.3917\/rpsf.141.0129<\/p>\n\n\n\n<p>Domingu\u00e8s, C., Jolivet, L., Mermet, \u00c9., and Seten, S. (2021) An attempt to define perceptive and sensitive mapping through lived space experiments, Abstr. Int. Cartogr. Assoc., 3, 70, https:\/\/doi.org\/10.5194\/ica-abs-3-70-2021<\/p>\n\n\n\n<p>Jolivet, L., Domingu\u00e8s, C., Mermet, \u00c9., and Seten, S. (2021) Lived and perceived space during lock-down in a sensitive map approach, Proc. Int. Cartogr. Assoc., 4, 50, https:\/\/doi.org\/10.5194\/ica-proc-4-50-2021<\/p>\n\n\n\n<p>Pr\u00e9sentation au congr\u00e8s de l&#8217;UGI 2022 \u00e0 Paris dans la session Objectifying Mental and sensitive maps ? Perceiving, mapping and sharing of urban space: an experiment of sensitive mapping based on observation filters.<\/p>\n","protected":false},"excerpt":{"rendered":"<p>Brando C., Domingu\u00e8s C., Jolivet L., Mermet E., Seten S. (2017) Mapping experiences of personal appropriation of a new place from a diachronic perspective. Maps and Emotions Workshop, 28th International Cartographic Conference, Washington DC, USA Jolivet L., Domingu\u00e8s C., Mermet E., Seten S. (2021) Explorer par la carte l\u2019espace pendant le confinement : Une exp\u00e9rimentation &hellip; <a href=\"http:\/\/psig.huma-num.fr\/cartes-sensibles\/publications-du-groupe\/\" class=\"more-link\">Continuer la lecture de <span class=\"screen-reader-text\">Publications du groupe<\/span>  <span class=\"meta-nav\">&rarr;<\/span><\/a><\/p>\n","protected":false},"author":1,"featured_media":0,"parent":0,"menu_order":0,"comment_status":"closed","ping_status":"closed","template":"","meta":{"footnotes":""},"class_list":["post-891","page","type-page","status-publish","hentry"],"_links":{"self":[{"href":"http:\/\/psig.huma-num.fr\/cartes-sensibles\/wp-json\/wp\/v2\/pages\/891","targetHints":{"allow":["GET"]}}],"collection":[{"href":"http:\/\/psig.huma-num.fr\/cartes-sensibles\/wp-json\/wp\/v2\/pages"}],"about":[{"href":"http:\/\/psig.huma-num.fr\/cartes-sensibles\/wp-json\/wp\/v2\/types\/page"}],"author":[{"embeddable":true,"href":"http:\/\/psig.huma-num.fr\/cartes-sensibles\/wp-json\/wp\/v2\/users\/1"}],"replies":[{"embeddable":true,"href":"http:\/\/psig.huma-num.fr\/cartes-sensibles\/wp-json\/wp\/v2\/comments?post=891"}],"version-history":[{"count":2,"href":"http:\/\/psig.huma-num.fr\/cartes-sensibles\/wp-json\/wp\/v2\/pages\/891\/revisions"}],"predecessor-version":[{"id":896,"href":"http:\/\/psig.huma-num.fr\/cartes-sensibles\/wp-json\/wp\/v2\/pages\/891\/revisions\/896"}],"wp:attachment":[{"href":"http:\/\/psig.huma-num.fr\/cartes-sensibles\/wp-json\/wp\/v2\/media?parent=891"}],"curies":[{"name":"wp","href":"https:\/\/api.w.org\/{rel}","templated":true}]}}