{"id":166,"date":"2021-11-19T18:26:41","date_gmt":"2021-11-19T17:26:41","guid":{"rendered":"http:\/\/psig.huma-num.fr\/seminaire-sources-aux-sig\/?page_id=166"},"modified":"2022-06-30T17:17:13","modified_gmt":"2022-06-30T15:17:13","slug":"programme-2021-2022","status":"publish","type":"page","link":"http:\/\/psig.huma-num.fr\/seminaire-sources-aux-sig\/programme-2021-2022\/","title":{"rendered":"Programme 2021\/2022"},"content":{"rendered":"\n<p><strong>S\u00e9ance #1 : 15 octobre 2021<\/strong><\/p>\n\n\n\n<p>Introduction + tutoriels (Oronce Fine, TopoMine, Heurist)<\/p>\n\n\n\n<p><a href=\"https:\/\/www.youtube.com\/watch?v=RsLtyBupwhs\">Lien vers la vid\u00e9o de la s\u00e9ance<\/a><\/p>\n\n\n\n<p><strong>S\u00e9ance #2 : 26 novembre 2021<\/strong><\/p>\n\n\n\n<p>Angelo Odore (EHESS), Eric Mermet(CNRS\/EHESS), Romain Saguer(ULCO), Jean Passini (CNRS\/EHESS),  \u00ab <strong>Le projet VISMIN, questionner la visibilit\u00e9 du fait minoritaire juif dans l&#8217;espace public \u00e0 la fin du moyen-\u00e2ge :retour d&#8217;exp\u00e9rience sur la mod\u00e9lisation de la base de donn\u00e9es<\/strong> \u00bb<\/p>\n\n\n\n<p><strong>Tutoriel<\/strong><br>Tiago GIL, (University of Brasilia) \u00ab <strong>Une carte num\u00e9rique interactive de l\u2019Am\u00e9rique occup\u00e9e par les portugais entre 1500 et 1808<\/strong> \u00bb<\/p>\n\n\n\n<p> <a href=\"https:\/\/www.youtube.com\/watch?v=CKo4EscFlfE\">Lien vers la vid\u00e9o de la s\u00e9ance<\/a> <\/p>\n\n\n\n<p><strong>S\u00e9ance #3 : 17 d\u00e9cembre 2021<\/strong><\/p>\n\n\n\n<p>Thomas LEVEZIEL (Universit\u00e9 de Rennes) \u00ab <strong>D\u00e9nombrements de feux, aveux, minus, etc. Mesurer les centres de peuplement en arch\u00e9ologie m\u00e9di\u00e9vale. Le cas de Trans-la-for\u00eat (Ille-et-Vilaine)<\/strong> \u00bb<\/p>\n\n\n\n<p>R\u00e9mi CROUZEVIALLE, Sandrine PARADIS (Universit\u00e9 de Limoges) \u00ab <strong>Du bois pour la porcelaine de Limoges. Une base de donn\u00e9es g\u00e9ohistorique pour analyser l\u2019influence de l\u2019industrie sur les ressources environnementales au XIXe si\u00e8cle.<\/strong> \u00bb<\/p>\n\n\n\n<p><a href=\"https:\/\/www.youtube.com\/watch?v=Atgsr2hPS1U\" data-type=\"URL\">Lien vers la vid\u00e9o de la s\u00e9ance<\/a><\/p>\n\n\n\n<p><strong>S\u00e9ance #4 : 21 janvier 2022<\/strong><\/p>\n\n\n\n<p>Davide GHERDEVICH, Helene NOIZET (DYPAC, LAMOP),&nbsp;  <strong>\u00ab 15 ans du projet ALPAGE, bref bilan et perspectives d&#8217;avenir  \u00bb <\/strong><\/p>\n\n\n\n<p>Margot FERRAND (Universit\u00e9 d\u2019Avignon, FR AGORANTIC, UMR CIHAM ), \u00ab <strong>\u00c9crire et repr\u00e9senter l\u2019espace urbain : les SIG face aux sources de l\u2019administration territoriale (Avignon, XIIIe-XVe si\u00e8cles)<\/strong> \u00bb<\/p>\n\n\n\n<p>GUILLOP\u00c9 Thierry (Universit\u00e9 Gustave Effeil), LECOURT Thibault (Avignon Universit\u00e9, UMR 7300 Espace), \u00ab <strong>Populations et politiques urbaines en situation coloniale : \u00e9tablir une cartographie des dynamiques sociales en Alg\u00e9rie des ann\u00e9es 1920 aux ann\u00e9es 1960<\/strong> \u00bb<\/p>\n\n\n\n<p><a href=\"https:\/\/www.youtube.com\/watch?v=GjWe4_pY6qg\">Lien vers la vid\u00e9o de la s\u00e9ance<\/a><\/p>\n\n\n\n<p><strong>S\u00e9ance #5 : 18 f\u00e9vrier<\/strong> <strong>2022<\/strong><\/p>\n\n\n\n<p><strong>S\u00e9ance 3D<\/strong><\/p>\n\n\n\n<p>Davide GHERDEVICH, Eric MERMET, Colin PRUDHOMME, Cl\u00e9ment BAUER (DYPAC, EHESS) \u00ab <strong>Projet Huma-3D : sauvegarde du patrimoine, visualisation et analyse de donn\u00e9es 3D<\/strong>\u00bb<\/p>\n\n\n\n<p>Jean PASSINI, Amalia YUSTE, Eric MERMET, Angelo ODORE (CNRS \/ EHESS) \u00ab <strong>La fa\u00e7ade cach\u00e9e de la cath\u00e9drale de Tol\u00e8de<\/strong> \u00bb<\/p>\n\n\n\n<p><s>Laurent COSTA (ARSCAN),\u00a0 \u00ab<strong>3D Abbaye de Bourgueil<\/strong> \u00bb (report\u00e9)<\/s><\/p>\n\n\n\n<p><a href=\"https:\/\/youtu.be\/mUV-Eq_3HUE\">Lien vers la vid\u00e9o de la s\u00e9ance<\/a><\/p>\n\n\n\n<p><strong>S\u00e9ance #6 : 25 mars 2022<\/strong><\/p>\n\n\n\n<p>Nicolas BOURGEOIS, Aur\u00e9lien PELLET (EPITECH) \u00ab <strong>Apprentissage supervis\u00e9 sur des donn\u00e9es g\u00e9olocalis\u00e9es pour comprendre des flux de population \u00e9tudiante<\/strong> \u00bb<\/p>\n\n\n\n<p>Caroline KOUDORO-PARFAIT, Ga\u00ebl LEJEUNE (OBTIC, STIH, SCAI, Sorbonne Universit\u00e9), \u00ab <strong>De la cr\u00e9ation des corpus num\u00e9riques \u00e0 leur utilisation : les interf\u00e9rences dans la reconnaissance d\u2019entit\u00e9s nomm\u00e9es spatiales<\/strong> \u00bb<\/p>\n\n\n\n<p>H\u00e9l\u00e8ne MATHIAN, Claire CUNTY, Thierry JOLIVEAU (UMR EVS)\u00a0 \u00ab <strong>FactoViz , un outil d\u2019exploration des spatialit\u00e9s et temporalit\u00e9s d\u2019entit\u00e9s historiques : l\u2019exemple du fait religieux en France au Moyen-Age<\/strong> \u00bb<\/p>\n\n\n\n<p><a href=\"https:\/\/youtu.be\/x2SkKMRZz6c\">Lien vers la vid\u00e9o de la s\u00e9ance<\/a><\/p>\n\n\n\n<p><strong>S\u00e9ance #7 : 22 avril 2022<\/strong><\/p>\n\n\n\n<p>Christophe TUFF\u00c9RY (INRAP) \u00ab <strong>Contribution \u00e0 l\u2019\u00e9tude des effets du num\u00e9rique sur l\u2019enregistrement de donn\u00e9es arch\u00e9ologiques g\u00e9or\u00e9f\u00e9renc\u00e9es sur le terrain et sur leur r\u00e9utilisation<\/strong> \u00bb<\/p>\n\n\n\n<p>Aur\u00e9lia DESPLAIN (EHESS) \u00ab <strong>Des plans cadastraux aux photos d\u2019\u00e9difices. Premi\u00e8res \u00e9tapes de valorisation d\u2019un fonds de photographies historiques de l\u2019ancienne concession fran\u00e7aise de Tianjin<\/strong> \u00bb<\/p>\n\n\n\n<p><s>Viviane BASTOS E SILVA (EHESS) \u00ab <strong>La distribution des droits sur le territoire, zonage des droits dans les favelas de la ville de Rio de Janeiro<\/strong> \u00bb<\/s> report\u00e9.<\/p>\n\n\n\n<p><a href=\"https:\/\/youtu.be\/ujjhKBFfVFo\">Lien vers la vid\u00e9o de la s\u00e9ance<\/a><\/p>\n\n\n\n<p><strong>S\u00e9ance #8 : 20 mai 2022<\/strong><\/p>\n\n\n\n<p>Christophe Tuff\u00e9ry, Vincent DELVIGNE, Paul FERNANDES, J\u00e9r\u00e9my GARNIAUX, St\u00e9phane RENAULT (INRAP CR-CNRS, SARL Paleotime Laboratoire M\u00e9diterran\u00e9en de Pr\u00e9histoire Europe Afrique) \u00ab <strong>La publication de donn\u00e9es et de m\u00e9tadonn\u00e9es ouvertes sur les ressources en mati\u00e8res siliceuses pour la pr\u00e9histoire. L\u2019exp\u00e9rience du GDR SILEX<\/strong> \u00bb<\/p>\n\n\n\n<p>Leticia TOBALINA (Casa de Vel\u00e1zquez-EHEHI) \u00ab <strong>Travailler avec des donn\u00e9es incertaines dans un SIG sur le peuplement tardif. Prospection, archives arch\u00e9ologiques et bases de donn\u00e9es (Projet DYNAT-INC)<\/strong> \u00bb<\/p>\n\n\n\n<p><a href=\"https:\/\/youtu.be\/FpMqUBHuPsU\">Lien vers la vid\u00e9o de la s\u00e9ance<\/a><\/p>\n\n\n\n<p><s>Jean S\u00e9bastien GROS (Ecole Fran\u00e7aise d\u2019Ath\u00e8nes) \u00ab <strong>Donn\u00e9es ouvertes ? API et Connecteurs ad hoc Le retour d\u2019exp\u00e9rience de ThaCER<\/strong> \u00bb<\/s> report\u00e9<\/p>\n\n\n\n<p><strong>S\u00e9ance #9 : 24 juin 2022<\/strong><\/p>\n\n\n\n<p>Davide GHERDEVICH, Margaux NGUYEN NGOC MINH (DYPAC \/DLab SHS &#8211; UVSQ) et Eric MERMET\u00a0 (Platforme geographique EHESS) <strong>\u00abLes moines voyageurs : les itin\u00e9raires des rouleaux des morts au prisme des syst\u00e8mes d\u2019information g\u00e9ographique\u00bb<\/strong><\/p>\n\n\n\n<p>Christophe BATARDY (AOROC &#8211; CNRS ENS)<strong> \u00ab La plate forme webSIG <em>Chronocarto<\/em> \u00bb<\/strong><\/p>\n\n\n\n<p><a href=\"https:\/\/youtu.be\/VxZ8cfHJh4o\">Lien vers la vid\u00e9o de la s\u00e9ance<\/a><\/p>\n\n\n\n<p>Le programme propos\u00e9 pourra varier en fonction des possibilit\u00e9s et disponibilit\u00e9s des participants.<\/p>\n","protected":false},"excerpt":{"rendered":"<p>S\u00e9ance #1 : 15 octobre 2021 Introduction + tutoriels (Oronce Fine, TopoMine, Heurist) Lien vers la vid\u00e9o de la s\u00e9ance S\u00e9ance #2 : 26 novembre 2021 Angelo Odore (EHESS), Eric Mermet(CNRS\/EHESS), Romain Saguer(ULCO), Jean Passini (CNRS\/EHESS), \u00ab Le projet VISMIN, questionner la visibilit\u00e9 du fait minoritaire juif dans l&#8217;espace public \u00e0 la fin du moyen-\u00e2ge [&hellip;]<\/p>\n","protected":false},"author":1,"featured_media":0,"parent":0,"menu_order":0,"comment_status":"closed","ping_status":"closed","template":"","meta":{"footnotes":""},"_links":{"self":[{"href":"http:\/\/psig.huma-num.fr\/seminaire-sources-aux-sig\/wp-json\/wp\/v2\/pages\/166"}],"collection":[{"href":"http:\/\/psig.huma-num.fr\/seminaire-sources-aux-sig\/wp-json\/wp\/v2\/pages"}],"about":[{"href":"http:\/\/psig.huma-num.fr\/seminaire-sources-aux-sig\/wp-json\/wp\/v2\/types\/page"}],"author":[{"embeddable":true,"href":"http:\/\/psig.huma-num.fr\/seminaire-sources-aux-sig\/wp-json\/wp\/v2\/users\/1"}],"replies":[{"embeddable":true,"href":"http:\/\/psig.huma-num.fr\/seminaire-sources-aux-sig\/wp-json\/wp\/v2\/comments?post=166"}],"version-history":[{"count":26,"href":"http:\/\/psig.huma-num.fr\/seminaire-sources-aux-sig\/wp-json\/wp\/v2\/pages\/166\/revisions"}],"predecessor-version":[{"id":218,"href":"http:\/\/psig.huma-num.fr\/seminaire-sources-aux-sig\/wp-json\/wp\/v2\/pages\/166\/revisions\/218"}],"wp:attachment":[{"href":"http:\/\/psig.huma-num.fr\/seminaire-sources-aux-sig\/wp-json\/wp\/v2\/media?parent=166"}],"curies":[{"name":"wp","href":"https:\/\/api.w.org\/{rel}","templated":true}]}}